{"id":307,"date":"2020-08-24T14:29:51","date_gmt":"2020-08-24T14:29:51","guid":{"rendered":"https:\/\/locationvinaros.es\/?page_id=307"},"modified":"2024-11-06T11:48:17","modified_gmt":"2024-11-06T10:48:17","slug":"qui-nous-sommes","status":"publish","type":"page","link":"https:\/\/locationvinaros.es\/fr\/qui-nous-sommes\/","title":{"rendered":"Qui nous sommes"},"content":{"rendered":"\t\t<div data-elementor-type=\"wp-page\" data-elementor-id=\"307\" class=\"elementor elementor-307\" data-elementor-post-type=\"page\">\n\t\t\t\t<div class=\"elementor-element elementor-element-294d2ced e-flex e-con-boxed e-con e-parent\" data-id=\"294d2ced\" data-element_type=\"container\" data-e-type=\"container\" data-settings=\"{&quot;background_background&quot;:&quot;classic&quot;}\">\n\t\t\t\t\t<div class=\"e-con-inner\">\n\t\t<div class=\"elementor-element elementor-element-1f43a551 e-flex e-con-boxed e-con e-child\" data-id=\"1f43a551\" data-element_type=\"container\" data-e-type=\"container\">\n\t\t\t\t\t<div class=\"e-con-inner\">\n\t\t\t\t<div class=\"elementor-element elementor-element-39bc169 elementor-widget elementor-widget-jkit_heading\" data-id=\"39bc169\" data-element_type=\"widget\" data-e-type=\"widget\" data-widget_type=\"jkit_heading.default\">\n\t\t\t\t<div class=\"elementor-widget-container\">\n\t\t\t\t\t<div  class=\"jeg-elementor-kit jkit-heading  align-center align-tablet- align-mobile- jeg_module___69df98040566d\" ><div class=\"heading-section-title  display-inline-block\"><h1 class=\"heading-title\">\u00c0 propos <span class=\"style-color\"><span>de nous<\/span><\/span><\/h1><\/div><\/div>\t\t\t\t<\/div>\n\t\t\t\t<\/div>\n\t\t\t\t<div class=\"elementor-element elementor-element-1a0a7d39 elementor-icon-list--layout-inline elementor-align-center elementor-list-item-link-full_width elementor-widget elementor-widget-icon-list\" data-id=\"1a0a7d39\" data-element_type=\"widget\" data-e-type=\"widget\" data-widget_type=\"icon-list.default\">\n\t\t\t\t<div class=\"elementor-widget-container\">\n\t\t\t\t\t\t\t<ul class=\"elementor-icon-list-items elementor-inline-items\">\n\t\t\t\t\t\t\t<li class=\"elementor-icon-list-item elementor-inline-item\">\n\t\t\t\t\t\t\t\t\t\t\t<a href=\"https:\/\/locationvinaros.es\/fr\/\">\n\n\t\t\t\t\t\t\t\t\t\t\t<span class=\"elementor-icon-list-text\">Home<\/span>\n\t\t\t\t\t\t\t\t\t\t\t<\/a>\n\t\t\t\t\t\t\t\t\t<\/li>\n\t\t\t\t\t\t\t\t<li class=\"elementor-icon-list-item elementor-inline-item\">\n\t\t\t\t\t\t\t\t\t\t\t<span class=\"elementor-icon-list-icon\">\n\t\t\t\t\t\t\t<i aria-hidden=\"true\" class=\"fas fa-chevron-right\"><\/i>\t\t\t\t\t\t<\/span>\n\t\t\t\t\t\t\t\t\t\t<span class=\"elementor-icon-list-text\">Ce que nous faisons<\/span>\n\t\t\t\t\t\t\t\t\t<\/li>\n\t\t\t\t\t\t<\/ul>\n\t\t\t\t\t\t<\/div>\n\t\t\t\t<\/div>\n\t\t\t\t\t<\/div>\n\t\t\t\t<\/div>\n\t\t\t\t\t<\/div>\n\t\t\t\t<\/div>\n\t\t<div class=\"elementor-element elementor-element-1b7b677f e-flex e-con-boxed e-con e-parent\" data-id=\"1b7b677f\" data-element_type=\"container\" data-e-type=\"container\" data-settings=\"{&quot;background_background&quot;:&quot;gradient&quot;}\">\n\t\t\t\t\t<div class=\"e-con-inner\">\n\t\t<div class=\"elementor-element elementor-element-4d84c6ee e-flex e-con-boxed e-con e-child\" data-id=\"4d84c6ee\" data-element_type=\"container\" data-e-type=\"container\">\n\t\t\t\t\t<div class=\"e-con-inner\">\n\t\t\t\t<div class=\"elementor-element elementor-element-65e1d35b elementor-widget elementor-widget-heading\" data-id=\"65e1d35b\" data-element_type=\"widget\" data-e-type=\"widget\" data-widget_type=\"heading.default\">\n\t\t\t\t<div class=\"elementor-widget-container\">\n\t\t\t\t\t<h2 class=\"elementor-heading-title elementor-size-default\">Nous<\/h2>\t\t\t\t<\/div>\n\t\t\t\t<\/div>\n\t\t\t\t<div class=\"elementor-element elementor-element-c4c5f1 elementor-widget elementor-widget-jkit_heading\" data-id=\"c4c5f1\" data-element_type=\"widget\" data-e-type=\"widget\" data-widget_type=\"jkit_heading.default\">\n\t\t\t\t<div class=\"elementor-widget-container\">\n\t\t\t\t\t<div  class=\"jeg-elementor-kit jkit-heading  align-center align-tablet- align-mobile- jeg_module__1_69df9804067ec\" ><div class=\"heading-section-title  display-inline-block\"><h1 class=\"heading-title\">La maison de vacances que vous cherchez. <span class=\"style-color\"><span>\u00c0 Vinar\u00f2s et directement du propri\u00e9taire.<\/span><\/span><\/h1><\/div><\/div>\t\t\t\t<\/div>\n\t\t\t\t<\/div>\n\t\t\t\t<div class=\"elementor-element elementor-element-7eff78c2 elementor-widget elementor-widget-text-editor\" data-id=\"7eff78c2\" data-element_type=\"widget\" data-e-type=\"widget\" data-widget_type=\"text-editor.default\">\n\t\t\t\t<div class=\"elementor-widget-container\">\n\t\t\t\t\t\t\t\t\t<p>Nous sommes une famille de Vinar\u00f2s avec de profondes racines dans cette terre que nous aimons et prenons soin avec d\u00e9vouement. Amants des animaux et passionn\u00e9s par la pr\u00e9servation de notre environnement, nous aimons partager avec d&rsquo;autres le charme et la tranquillit\u00e9 de nos maisons.<\/p><p>Nous proposons la location directe de maisons de vacances \u00e0 Vinar\u00f2s, situ\u00e9es dans le centre du village, \u00e0 Costa Sur et \u00e0 Cala Puntal. Toutes nos propri\u00e9t\u00e9s sont fonctionnelles et parfaitement situ\u00e9es, toujours \u00e0 moins de 60 m\u00e8tres de la mer, pour que vous puissiez profiter pleinement des plages et des criques.<\/p><p>Louez sans commissions des portails web ou des agences immobili\u00e8res et tirez le meilleur parti de votre budget de vacances. Nous sommes propri\u00e9taires des maisons de vacances que nous louons. Nous nous distinguons par des prix comp\u00e9titifs, une r\u00e9ponse rapide et une communication fluide tout au long de votre s\u00e9jour.<\/p><p>Contactez-nous et obtenez une r\u00e9ponse presque instantan\u00e9e. Nous sommes l\u00e0 pour faire de vos vacances une exp\u00e9rience facile et agr\u00e9able.<\/p>\t\t\t\t\t\t\t\t<\/div>\n\t\t\t\t<\/div>\n\t\t\t\t\t<\/div>\n\t\t\t\t<\/div>\n\t\t<div class=\"elementor-element elementor-element-3d77174d e-flex e-con-boxed e-con e-child\" data-id=\"3d77174d\" data-element_type=\"container\" data-e-type=\"container\" data-settings=\"{&quot;background_background&quot;:&quot;classic&quot;}\">\n\t\t\t\t\t<div class=\"e-con-inner\">\n\t\t\t\t<div class=\"elementor-element elementor-element-e8e2847 elementor-widget elementor-widget-jkit_video_button\" data-id=\"e8e2847\" data-element_type=\"widget\" data-e-type=\"widget\" data-widget_type=\"jkit_video_button.default\">\n\t\t\t\t<div class=\"elementor-widget-container\">\n\t\t\t\t\t<div  class=\"jeg-elementor-kit jkit-video-button jeg_module__2_69df980408b48\"  data-autoplay=\"0\" data-loop=\"0\" data-controls=\"0\" data-type=\"youtube\" data-mute=\"0\" data-start=\"0\" data-end=\"0\"><a href=\"https:\/\/www.youtube.com\/watch?v=MLpWrANjFbI\" class=\"jkit-video-popup-btn glow-enable\" aria-label=\"video-button\" target=\"_blank\" rel=\"noopener\"><span class=\"icon-position-before\"><i aria-hidden=\"true\" class=\"jki jki-play1-light\"><\/i><\/span><\/a><\/div>\t\t\t\t<\/div>\n\t\t\t\t<\/div>\n\t\t\t\t\t<\/div>\n\t\t\t\t<\/div>\n\t\t\t\t\t<\/div>\n\t\t\t\t<\/div>\n\t\t<div class=\"elementor-element elementor-element-dc78b4 e-flex e-con-boxed e-con e-parent\" data-id=\"dc78b4\" data-element_type=\"container\" data-e-type=\"container\">\n\t\t\t\t\t<div class=\"e-con-inner\">\n\t\t<div class=\"elementor-element elementor-element-24b67d70 e-flex e-con-boxed e-con e-child\" data-id=\"24b67d70\" data-element_type=\"container\" data-e-type=\"container\" data-settings=\"{&quot;background_background&quot;:&quot;classic&quot;}\">\n\t\t\t\t\t<div class=\"e-con-inner\">\n\t\t\t\t<div class=\"elementor-element elementor-element-3d875a60 elementor-widget elementor-widget-spacer\" data-id=\"3d875a60\" data-element_type=\"widget\" data-e-type=\"widget\" data-widget_type=\"spacer.default\">\n\t\t\t\t<div class=\"elementor-widget-container\">\n\t\t\t\t\t\t\t<div class=\"elementor-spacer\">\n\t\t\t<div class=\"elementor-spacer-inner\"><\/div>\n\t\t<\/div>\n\t\t\t\t\t\t<\/div>\n\t\t\t\t<\/div>\n\t\t\t\t<div class=\"elementor-element elementor-element-f511dc8 elementor-widget__width-initial elementor-absolute elementor-widget elementor-widget-image\" data-id=\"f511dc8\" data-element_type=\"widget\" data-e-type=\"widget\" data-settings=\"{&quot;_position&quot;:&quot;absolute&quot;}\" data-widget_type=\"image.default\">\n\t\t\t\t<div class=\"elementor-widget-container\">\n\t\t\t\t\t\t\t\t\t\t\t\t\t\t\t<img fetchpriority=\"high\" decoding=\"async\" width=\"300\" height=\"225\" src=\"https:\/\/locationvinaros.es\/wp-content\/uploads\/2024\/10\/PXL_20220407_145743842-scaled-1-300x225.jpg\" class=\"attachment-medium size-medium wp-image-4277\" alt=\"\" srcset=\"https:\/\/locationvinaros.es\/wp-content\/uploads\/2024\/10\/PXL_20220407_145743842-scaled-1-300x225.jpg 300w, https:\/\/locationvinaros.es\/wp-content\/uploads\/2024\/10\/PXL_20220407_145743842-scaled-1-1024x768.jpg 1024w, https:\/\/locationvinaros.es\/wp-content\/uploads\/2024\/10\/PXL_20220407_145743842-scaled-1-768x576.jpg 768w, https:\/\/locationvinaros.es\/wp-content\/uploads\/2024\/10\/PXL_20220407_145743842-scaled-1-1536x1152.jpg 1536w, https:\/\/locationvinaros.es\/wp-content\/uploads\/2024\/10\/PXL_20220407_145743842-scaled-1-2048x1536.jpg 2048w\" sizes=\"(max-width: 300px) 100vw, 300px\" \/>\t\t\t\t\t\t\t\t\t\t\t\t\t\t\t<\/div>\n\t\t\t\t<\/div>\n\t\t\t\t\t<\/div>\n\t\t\t\t<\/div>\n\t\t<div class=\"elementor-element elementor-element-102cd307 e-flex e-con-boxed e-con e-child\" data-id=\"102cd307\" data-element_type=\"container\" data-e-type=\"container\">\n\t\t\t\t\t<div class=\"e-con-inner\">\n\t\t\t\t<div class=\"elementor-element elementor-element-7dd63971 elementor-widget elementor-widget-heading\" data-id=\"7dd63971\" data-element_type=\"widget\" data-e-type=\"widget\" data-widget_type=\"heading.default\">\n\t\t\t\t<div class=\"elementor-widget-container\">\n\t\t\t\t\t<h2 class=\"elementor-heading-title elementor-size-default\">Nos diff\u00e9rences<\/h2>\t\t\t\t<\/div>\n\t\t\t\t<\/div>\n\t\t\t\t<div class=\"elementor-element elementor-element-4ca05c5d elementor-widget elementor-widget-jkit_heading\" data-id=\"4ca05c5d\" data-element_type=\"widget\" data-e-type=\"widget\" data-widget_type=\"jkit_heading.default\">\n\t\t\t\t<div class=\"elementor-widget-container\">\n\t\t\t\t\t<div  class=\"jeg-elementor-kit jkit-heading  align-left align-tablet- align-mobile- jeg_module__3_69df98040979e\" ><div class=\"heading-section-title  display-inline-block\"><h1 class=\"heading-title\">Service personnalis\u00e9<span class=\"style-color\"><span>avec tranquillit\u00e9<\/span><\/span><\/h1><\/div><\/div>\t\t\t\t<\/div>\n\t\t\t\t<\/div>\n\t\t<div class=\"elementor-element elementor-element-648fcf89 e-flex e-con-boxed e-con e-child\" data-id=\"648fcf89\" data-element_type=\"container\" data-e-type=\"container\">\n\t\t\t\t\t<div class=\"e-con-inner\">\n\t\t\t\t<div class=\"elementor-element elementor-element-175ede9b jkit-equal-height-disable elementor-widget elementor-widget-jkit_icon_box\" data-id=\"175ede9b\" data-element_type=\"widget\" data-e-type=\"widget\" data-widget_type=\"jkit_icon_box.default\">\n\t\t\t\t<div class=\"elementor-widget-container\">\n\t\t\t\t\t<div  class=\"jeg-elementor-kit jkit-icon-box icon-position-left elementor-animation- jeg_module__4_69df98040c85f\" ><div class=\"jkit-icon-box-wrapper hover-from-left\"><div class=\"icon-box icon-box-header elementor-animation-\"><div class=\"icon style-color\"><i aria-hidden=\"true\" class=\"fas fa-circle\"><\/i><\/div><\/div><div class=\"icon-box icon-box-body\">\n                <h2 class=\"title\">Maisons fonctionnelles<\/h2><p class=\"icon-box-description\">Nos maisons de vacances disposent de tout ce dont vous avez besoin pour un s\u00e9jour confortable et complet. De plus, leur emplacement est id\u00e9al : au centre de Vinar\u00f2s, pr\u00e8s de la plage, ou m\u00eame les deux \u00e0 la fois. Profitez du confort et de la proximit\u00e9 qui rendront votre exp\u00e9rience \u00e0 Vinar\u00f2s inoubliable.<\/p>\n            <\/div>\n            \n            <\/div><\/div>\t\t\t\t<\/div>\n\t\t\t\t<\/div>\n\t\t\t\t<div class=\"elementor-element elementor-element-2e571cb5 jkit-equal-height-disable elementor-widget elementor-widget-jkit_icon_box\" data-id=\"2e571cb5\" data-element_type=\"widget\" data-e-type=\"widget\" data-widget_type=\"jkit_icon_box.default\">\n\t\t\t\t<div class=\"elementor-widget-container\">\n\t\t\t\t\t<div  class=\"jeg-elementor-kit jkit-icon-box icon-position-left elementor-animation- jeg_module__5_69df98040d43a\" ><div class=\"jkit-icon-box-wrapper hover-from-left\"><div class=\"icon-box icon-box-header elementor-animation-\"><div class=\"icon style-color\"><i aria-hidden=\"true\" class=\"fas fa-circle\"><\/i><\/div><\/div><div class=\"icon-box icon-box-body\">\n                <h2 class=\"title\">Toujours disponibles<\/h2><p class=\"icon-box-description\">Nous prenons soin de nos locataires d\u00e8s le premier contact. Nous prenons votre s\u00e9jour tr\u00e8s au s\u00e9rieux, alors n'h\u00e9sitez pas \u00e0 demander ce dont vous avez besoin.<\/p>\n            <\/div>\n            \n            <\/div><\/div>\t\t\t\t<\/div>\n\t\t\t\t<\/div>\n\t\t\t\t<div class=\"elementor-element elementor-element-65b067aa jkit-equal-height-disable elementor-widget elementor-widget-jkit_icon_box\" data-id=\"65b067aa\" data-element_type=\"widget\" data-e-type=\"widget\" data-widget_type=\"jkit_icon_box.default\">\n\t\t\t\t<div class=\"elementor-widget-container\">\n\t\t\t\t\t<div  class=\"jeg-elementor-kit jkit-icon-box icon-position-left elementor-animation- jeg_module__6_69df98040e12e\" ><div class=\"jkit-icon-box-wrapper hover-from-left\"><div class=\"icon-box icon-box-header elementor-animation-\"><div class=\"icon style-color\"><i aria-hidden=\"true\" class=\"fas fa-circle\"><\/i><\/div><\/div><div class=\"icon-box icon-box-body\">\n                <h2 class=\"title\">Prix \u00e9conomiques<\/h2><p class=\"icon-box-description\">Nous ajustons nos prix au maximum pour vous offrir le meilleur rapport qualit\u00e9-prix. De plus, profitez d'offres sp\u00e9ciales lorsque vous r\u00e9servez plusieurs semaines et rendez vos vacances encore plus accessibles.<\/p>\n            <\/div>\n            \n            <\/div><\/div>\t\t\t\t<\/div>\n\t\t\t\t<\/div>\n\t\t\t\t<div class=\"elementor-element elementor-element-a108ca3 jkit-equal-height-disable elementor-widget elementor-widget-jkit_icon_box\" data-id=\"a108ca3\" data-element_type=\"widget\" data-e-type=\"widget\" data-widget_type=\"jkit_icon_box.default\">\n\t\t\t\t<div class=\"elementor-widget-container\">\n\t\t\t\t\t<div  class=\"jeg-elementor-kit jkit-icon-box icon-position-left elementor-animation- jeg_module__7_69df98040ed5d\" ><div class=\"jkit-icon-box-wrapper hover-from-left\"><div class=\"icon-box icon-box-header elementor-animation-\"><div class=\"icon style-color\"><i aria-hidden=\"true\" class=\"fas fa-circle\"><\/i><\/div><\/div><div class=\"icon-box icon-box-body\">\n                <h2 class=\"title\">Nous voulons que vous reveniez.<\/h2><p class=\"icon-box-description\">Pendant votre s\u00e9jour, nous serons toujours disponibles pour r\u00e9soudre toute question ou probl\u00e8me qui pourrait survenir, en nous assurant que vous profitiez d'une exp\u00e9rience satisfaisante. Et si vous d\u00e9cidez de revenir, nous vous offrirons un prix sp\u00e9cial en guise de remerciement pour votre confiance renouvel\u00e9e.<\/p>\n            <\/div>\n            \n            <\/div><\/div>\t\t\t\t<\/div>\n\t\t\t\t<\/div>\n\t\t\t\t\t<\/div>\n\t\t\t\t<\/div>\n\t\t\t\t\t<\/div>\n\t\t\t\t<\/div>\n\t\t\t\t\t<\/div>\n\t\t\t\t<\/div>\n\t\t<div class=\"elementor-element elementor-element-50f22a99 e-con-full e-flex e-con e-parent\" data-id=\"50f22a99\" data-element_type=\"container\" data-e-type=\"container\" data-settings=\"{&quot;background_background&quot;:&quot;classic&quot;}\">\n\t\t<div class=\"elementor-element elementor-element-7cc86c57 e-con-full e-flex e-con e-child\" data-id=\"7cc86c57\" data-element_type=\"container\" data-e-type=\"container\">\n\t\t<div class=\"elementor-element elementor-element-6fe7513e e-con-full e-flex e-con e-child\" data-id=\"6fe7513e\" data-element_type=\"container\" data-e-type=\"container\">\n\t\t\t\t<div class=\"elementor-element elementor-element-3922ef76 elementor-widget elementor-widget-jkit_heading\" data-id=\"3922ef76\" data-element_type=\"widget\" data-e-type=\"widget\" data-widget_type=\"jkit_heading.default\">\n\t\t\t\t<div class=\"elementor-widget-container\">\n\t\t\t\t\t<div  class=\"jeg-elementor-kit jkit-heading  align-left align-tablet- align-mobile- jeg_module__8_69df98040f92d\" ><div class=\"heading-section-title  display-inline-block\"><h1 class=\"heading-title\">Harmonisez-vous dans l&#039;une de<span class=\"style-color\"><span>nos maisons<\/span><\/span><\/h1><\/div><\/div>\t\t\t\t<\/div>\n\t\t\t\t<\/div>\n\t\t\t\t<\/div>\n\t\t<div class=\"elementor-element elementor-element-75b31d40 e-flex e-con-boxed e-con e-child\" data-id=\"75b31d40\" data-element_type=\"container\" data-e-type=\"container\">\n\t\t\t\t\t<div class=\"e-con-inner\">\n\t\t\t\t<div class=\"elementor-element elementor-element-752e85c e-transform elementor-widget elementor-widget-jkit_button\" data-id=\"752e85c\" data-element_type=\"widget\" data-e-type=\"widget\" data-settings=\"{&quot;_transform_scale_effect_hover&quot;:{&quot;unit&quot;:&quot;px&quot;,&quot;size&quot;:&quot;0.9&quot;,&quot;sizes&quot;:[]},&quot;_transform_scale_effect_hover_tablet&quot;:{&quot;unit&quot;:&quot;px&quot;,&quot;size&quot;:&quot;&quot;,&quot;sizes&quot;:[]},&quot;_transform_scale_effect_hover_mobile&quot;:{&quot;unit&quot;:&quot;px&quot;,&quot;size&quot;:&quot;&quot;,&quot;sizes&quot;:[]}}\" data-widget_type=\"jkit_button.default\">\n\t\t\t\t<div class=\"elementor-widget-container\">\n\t\t\t\t\t<div  class=\"jeg-elementor-kit jkit-button  icon-position-before jeg_module__9_69df980410684\" ><a href=\"https:\/\/locationvinaros.es\/fr\/\" class=\"jkit-button-wrapper\">Choisissez votre maison<\/a><\/div>\t\t\t\t<\/div>\n\t\t\t\t<\/div>\n\t\t\t\t\t<\/div>\n\t\t\t\t<\/div>\n\t\t\t\t<\/div>\n\t\t\t\t<\/div>\n\t\t\t\t<\/div>\n\t\t","protected":false},"excerpt":{"rendered":"<p>\u00c0 propos de nous Home Ce que nous faisons Nous La maison de vacances que vous cherchez. \u00c0 Vinar\u00f2s et directement du propri\u00e9taire. Nous sommes une famille de Vinar\u00f2s avec de profondes racines dans cette terre que nous aimons et prenons soin avec d\u00e9vouement. Amants des animaux et passionn\u00e9s par la pr\u00e9servation de notre environnement, [&hellip;]<\/p>\n","protected":false},"author":1,"featured_media":0,"parent":0,"menu_order":0,"comment_status":"closed","ping_status":"closed","template":"elementor_header_footer","meta":{"footnotes":""},"class_list":["post-307","page","type-page","status-publish","hentry"],"_links":{"self":[{"href":"https:\/\/locationvinaros.es\/fr\/wp-json\/wp\/v2\/pages\/307","targetHints":{"allow":["GET"]}}],"collection":[{"href":"https:\/\/locationvinaros.es\/fr\/wp-json\/wp\/v2\/pages"}],"about":[{"href":"https:\/\/locationvinaros.es\/fr\/wp-json\/wp\/v2\/types\/page"}],"author":[{"embeddable":true,"href":"https:\/\/locationvinaros.es\/fr\/wp-json\/wp\/v2\/users\/1"}],"replies":[{"embeddable":true,"href":"https:\/\/locationvinaros.es\/fr\/wp-json\/wp\/v2\/comments?post=307"}],"version-history":[{"count":22,"href":"https:\/\/locationvinaros.es\/fr\/wp-json\/wp\/v2\/pages\/307\/revisions"}],"predecessor-version":[{"id":5114,"href":"https:\/\/locationvinaros.es\/fr\/wp-json\/wp\/v2\/pages\/307\/revisions\/5114"}],"wp:attachment":[{"href":"https:\/\/locationvinaros.es\/fr\/wp-json\/wp\/v2\/media?parent=307"}],"curies":[{"name":"wp","href":"https:\/\/api.w.org\/{rel}","templated":true}]}}