{"id":1837,"date":"2020-08-24T14:29:51","date_gmt":"2020-08-24T12:29:51","guid":{"rendered":"https:\/\/locationvinaros.es\/wer-wir-sind\/"},"modified":"2025-02-14T09:00:10","modified_gmt":"2025-02-14T08:00:10","slug":"wer-wir-sind","status":"publish","type":"page","link":"https:\/\/locationvinaros.es\/de\/wer-wir-sind\/","title":{"rendered":"Wer wir sind"},"content":{"rendered":"\t\t<div data-elementor-type=\"wp-page\" data-elementor-id=\"1837\" class=\"elementor elementor-1837 elementor-307\" data-elementor-post-type=\"page\">\n\t\t\t\t<div class=\"elementor-element elementor-element-5a3861f1 e-flex e-con-boxed e-con e-parent\" data-id=\"5a3861f1\" data-element_type=\"container\" data-e-type=\"container\" data-settings=\"{&quot;background_background&quot;:&quot;classic&quot;}\">\n\t\t\t\t\t<div class=\"e-con-inner\">\n\t\t<div class=\"elementor-element elementor-element-249f40df e-flex e-con-boxed e-con e-child\" data-id=\"249f40df\" data-element_type=\"container\" data-e-type=\"container\">\n\t\t\t\t\t<div class=\"e-con-inner\">\n\t\t\t\t<div class=\"elementor-element elementor-element-3ff86d33 elementor-widget elementor-widget-jkit_heading\" data-id=\"3ff86d33\" data-element_type=\"widget\" data-e-type=\"widget\" data-widget_type=\"jkit_heading.default\">\n\t\t\t\t<div class=\"elementor-widget-container\">\n\t\t\t\t\t<div  class=\"jeg-elementor-kit jkit-heading  align-center align-tablet- align-mobile- jeg_module___69e4b6da73cf7\" ><div class=\"heading-section-title  display-inline-block\"><h1 class=\"heading-title\">\u00dcber <span class=\"style-color\"><span> uns<\/span><\/span><\/h1><\/div><\/div>\t\t\t\t<\/div>\n\t\t\t\t<\/div>\n\t\t\t\t<div class=\"elementor-element elementor-element-3469cb2d elementor-icon-list--layout-inline elementor-align-center elementor-list-item-link-full_width elementor-widget elementor-widget-icon-list\" data-id=\"3469cb2d\" data-element_type=\"widget\" data-e-type=\"widget\" data-widget_type=\"icon-list.default\">\n\t\t\t\t<div class=\"elementor-widget-container\">\n\t\t\t\t\t\t\t<ul class=\"elementor-icon-list-items elementor-inline-items\">\n\t\t\t\t\t\t\t<li class=\"elementor-icon-list-item elementor-inline-item\">\n\t\t\t\t\t\t\t\t\t\t\t<a href=\"https:\/\/locationvinaros.es\/de\/\">\n\n\t\t\t\t\t\t\t\t\t\t\t<span class=\"elementor-icon-list-text\">Home<\/span>\n\t\t\t\t\t\t\t\t\t\t\t<\/a>\n\t\t\t\t\t\t\t\t\t<\/li>\n\t\t\t\t\t\t\t\t<li class=\"elementor-icon-list-item elementor-inline-item\">\n\t\t\t\t\t\t\t\t\t\t\t<span class=\"elementor-icon-list-icon\">\n\t\t\t\t\t\t\t<i aria-hidden=\"true\" class=\"fas fa-chevron-right\"><\/i>\t\t\t\t\t\t<\/span>\n\t\t\t\t\t\t\t\t\t\t<span class=\"elementor-icon-list-text\">Wer wir sind<\/span>\n\t\t\t\t\t\t\t\t\t<\/li>\n\t\t\t\t\t\t<\/ul>\n\t\t\t\t\t\t<\/div>\n\t\t\t\t<\/div>\n\t\t\t\t\t<\/div>\n\t\t\t\t<\/div>\n\t\t\t\t\t<\/div>\n\t\t\t\t<\/div>\n\t\t<div class=\"elementor-element elementor-element-523e9801 e-flex e-con-boxed e-con e-parent\" data-id=\"523e9801\" data-element_type=\"container\" data-e-type=\"container\" data-settings=\"{&quot;background_background&quot;:&quot;gradient&quot;}\">\n\t\t\t\t\t<div class=\"e-con-inner\">\n\t\t<div class=\"elementor-element elementor-element-15cc8fd5 e-flex e-con-boxed e-con e-child\" data-id=\"15cc8fd5\" data-element_type=\"container\" data-e-type=\"container\">\n\t\t\t\t\t<div class=\"e-con-inner\">\n\t\t\t\t<div class=\"elementor-element elementor-element-512b2a28 elementor-widget elementor-widget-heading\" data-id=\"512b2a28\" data-element_type=\"widget\" data-e-type=\"widget\" data-widget_type=\"heading.default\">\n\t\t\t\t<div class=\"elementor-widget-container\">\n\t\t\t\t\t<h2 class=\"elementor-heading-title elementor-size-default\">\u00dcber uns<\/h2>\t\t\t\t<\/div>\n\t\t\t\t<\/div>\n\t\t\t\t<div class=\"elementor-element elementor-element-258921db elementor-widget elementor-widget-jkit_heading\" data-id=\"258921db\" data-element_type=\"widget\" data-e-type=\"widget\" data-widget_type=\"jkit_heading.default\">\n\t\t\t\t<div class=\"elementor-widget-container\">\n\t\t\t\t\t<div  class=\"jeg-elementor-kit jkit-heading  align-center align-tablet- align-mobile- jeg_module__1_69e4b6da74e58\" ><div class=\"heading-section-title  display-inline-block\"><h1 class=\"heading-title\">Das Ferienhaus, das du suchst.<span class=\"style-color\"><span>In Vinar\u00f2s, gut gelegen und zu einem fairen Preis.<\/span><\/span><\/h1><\/div><\/div>\t\t\t\t<\/div>\n\t\t\t\t<\/div>\n\t\t\t\t<div class=\"elementor-element elementor-element-28dc6a07 elementor-widget elementor-widget-text-editor\" data-id=\"28dc6a07\" data-element_type=\"widget\" data-e-type=\"widget\" data-widget_type=\"text-editor.default\">\n\t\t\t\t<div class=\"elementor-widget-container\">\n\t\t\t\t\t\t\t\t\t<p>Wir sind eine Familie aus Vinar\u00f2s mit tiefen Wurzeln in dieser geliebten und gepflegten Region. Als Tierliebhaber und leidenschaftliche Verfechter des Umweltschutzes teilen wir gerne den Charme und die Ruhe unserer H\u00e4user mit anderen.<\/p><p>Wir bieten direkte Vermietungen von Ferienh\u00e4usern in Vinar\u00f2s an, die im Stadtzentrum, in der Costa Sur und in Cala Puntal gelegen sind. Alle unsere Immobilien sind funktional und perfekt platziert, immer weniger als 60 Meter vom Meer entfernt, damit du die Str\u00e4nde und Buchten in vollen Z\u00fcgen genie\u00dfen kannst.<\/p><p>Miete ohne die Geb\u00fchren von Online-Portalen oder Immobilienagenturen und nutze dein Urlaubsbudget optimal aus. Wir zeichnen uns durch wettbewerbsf\u00e4hige Preise, schnelle Antworten und eine reibungslose Kommunikation w\u00e4hrend deines gesamten Aufenthalts aus.<\/p><p>Kontaktiere uns und erhalte fast sofort eine Antwort. Wir sind hier, um deinen Urlaub zu einer einfachen und angenehmen Erfahrung zu machen.<\/p>\t\t\t\t\t\t\t\t<\/div>\n\t\t\t\t<\/div>\n\t\t\t\t\t<\/div>\n\t\t\t\t<\/div>\n\t\t<div class=\"elementor-element elementor-element-25b68f58 e-flex e-con-boxed e-con e-child\" data-id=\"25b68f58\" data-element_type=\"container\" data-e-type=\"container\" data-settings=\"{&quot;background_background&quot;:&quot;classic&quot;}\">\n\t\t\t\t\t<div class=\"e-con-inner\">\n\t\t\t\t<div class=\"elementor-element elementor-element-5ebe5e31 elementor-widget elementor-widget-jkit_video_button\" data-id=\"5ebe5e31\" data-element_type=\"widget\" data-e-type=\"widget\" data-widget_type=\"jkit_video_button.default\">\n\t\t\t\t<div class=\"elementor-widget-container\">\n\t\t\t\t\t<div  class=\"jeg-elementor-kit jkit-video-button jeg_module__2_69e4b6da76fa0\"  data-autoplay=\"0\" data-loop=\"0\" data-controls=\"0\" data-type=\"youtube\" data-mute=\"0\" data-start=\"0\" data-end=\"0\"><a href=\"https:\/\/www.youtube.com\/watch?v=MLpWrANjFbI\" class=\"jkit-video-popup-btn glow-enable\" aria-label=\"video-button\" target=\"_blank\" rel=\"noopener\"><span class=\"icon-position-before\"><i aria-hidden=\"true\" class=\"jki jki-play1-light\"><\/i><\/span><\/a><\/div>\t\t\t\t<\/div>\n\t\t\t\t<\/div>\n\t\t\t\t\t<\/div>\n\t\t\t\t<\/div>\n\t\t\t\t\t<\/div>\n\t\t\t\t<\/div>\n\t\t<div class=\"elementor-element elementor-element-7e229b86 e-flex e-con-boxed e-con e-parent\" data-id=\"7e229b86\" data-element_type=\"container\" data-e-type=\"container\">\n\t\t\t\t\t<div class=\"e-con-inner\">\n\t\t<div class=\"elementor-element elementor-element-7eb1cbdc e-flex e-con-boxed e-con e-child\" data-id=\"7eb1cbdc\" data-element_type=\"container\" data-e-type=\"container\" data-settings=\"{&quot;background_background&quot;:&quot;classic&quot;}\">\n\t\t\t\t\t<div class=\"e-con-inner\">\n\t\t\t\t<div class=\"elementor-element elementor-element-58ed5481 elementor-widget elementor-widget-spacer\" data-id=\"58ed5481\" data-element_type=\"widget\" data-e-type=\"widget\" data-widget_type=\"spacer.default\">\n\t\t\t\t<div class=\"elementor-widget-container\">\n\t\t\t\t\t\t\t<div class=\"elementor-spacer\">\n\t\t\t<div class=\"elementor-spacer-inner\"><\/div>\n\t\t<\/div>\n\t\t\t\t\t\t<\/div>\n\t\t\t\t<\/div>\n\t\t\t\t<div class=\"elementor-element elementor-element-7e6a33c elementor-widget__width-initial elementor-absolute elementor-widget elementor-widget-image\" data-id=\"7e6a33c\" data-element_type=\"widget\" data-e-type=\"widget\" data-settings=\"{&quot;_position&quot;:&quot;absolute&quot;}\" data-widget_type=\"image.default\">\n\t\t\t\t<div class=\"elementor-widget-container\">\n\t\t\t\t\t\t\t\t\t\t\t\t\t\t\t<img fetchpriority=\"high\" decoding=\"async\" width=\"300\" height=\"225\" src=\"https:\/\/locationvinaros.es\/wp-content\/uploads\/2024\/10\/PXL_20220407_145743842-scaled-1-300x225.jpg\" class=\"attachment-medium size-medium wp-image-4279\" alt=\"\" srcset=\"https:\/\/locationvinaros.es\/wp-content\/uploads\/2024\/10\/PXL_20220407_145743842-scaled-1-300x225.jpg 300w, https:\/\/locationvinaros.es\/wp-content\/uploads\/2024\/10\/PXL_20220407_145743842-scaled-1-1024x768.jpg 1024w, https:\/\/locationvinaros.es\/wp-content\/uploads\/2024\/10\/PXL_20220407_145743842-scaled-1-768x576.jpg 768w, https:\/\/locationvinaros.es\/wp-content\/uploads\/2024\/10\/PXL_20220407_145743842-scaled-1-1536x1152.jpg 1536w, https:\/\/locationvinaros.es\/wp-content\/uploads\/2024\/10\/PXL_20220407_145743842-scaled-1-2048x1536.jpg 2048w\" sizes=\"(max-width: 300px) 100vw, 300px\" \/>\t\t\t\t\t\t\t\t\t\t\t\t\t\t\t<\/div>\n\t\t\t\t<\/div>\n\t\t\t\t\t<\/div>\n\t\t\t\t<\/div>\n\t\t<div class=\"elementor-element elementor-element-fd90fff e-flex e-con-boxed e-con e-child\" data-id=\"fd90fff\" data-element_type=\"container\" data-e-type=\"container\">\n\t\t\t\t\t<div class=\"e-con-inner\">\n\t\t\t\t<div class=\"elementor-element elementor-element-525255e elementor-widget elementor-widget-heading\" data-id=\"525255e\" data-element_type=\"widget\" data-e-type=\"widget\" data-widget_type=\"heading.default\">\n\t\t\t\t<div class=\"elementor-widget-container\">\n\t\t\t\t\t<h2 class=\"elementor-heading-title elementor-size-default\">Warum sind wir die gute Wahl?<\/h2>\t\t\t\t<\/div>\n\t\t\t\t<\/div>\n\t\t\t\t<div class=\"elementor-element elementor-element-5863cd41 elementor-widget elementor-widget-jkit_heading\" data-id=\"5863cd41\" data-element_type=\"widget\" data-e-type=\"widget\" data-widget_type=\"jkit_heading.default\">\n\t\t\t\t<div class=\"elementor-widget-container\">\n\t\t\t\t\t<div  class=\"jeg-elementor-kit jkit-heading  align-left align-tablet- align-mobile- jeg_module__3_69e4b6da77a2c\" ><div class=\"heading-section-title  display-inline-block\"><h1 class=\"heading-title\">Individuelle Betreuung<span class=\"style-color\"><span>w\u00e4hrend deines Urlaubs<\/span><\/span><\/h1><\/div><\/div>\t\t\t\t<\/div>\n\t\t\t\t<\/div>\n\t\t<div class=\"elementor-element elementor-element-7cb276a3 e-flex e-con-boxed e-con e-child\" data-id=\"7cb276a3\" data-element_type=\"container\" data-e-type=\"container\">\n\t\t\t\t\t<div class=\"e-con-inner\">\n\t\t\t\t<div class=\"elementor-element elementor-element-1bd22665 jkit-equal-height-disable elementor-widget elementor-widget-jkit_icon_box\" data-id=\"1bd22665\" data-element_type=\"widget\" data-e-type=\"widget\" data-widget_type=\"jkit_icon_box.default\">\n\t\t\t\t<div class=\"elementor-widget-container\">\n\t\t\t\t\t<div  class=\"jeg-elementor-kit jkit-icon-box icon-position-left elementor-animation- jeg_module__4_69e4b6da7a60f\" ><div class=\"jkit-icon-box-wrapper hover-from-left\"><div class=\"icon-box icon-box-header elementor-animation-\"><div class=\"icon style-color\"><i aria-hidden=\"true\" class=\"fas fa-circle\"><\/i><\/div><\/div><div class=\"icon-box icon-box-body\">\n                <h2 class=\"title\">Funktionale H\u00e4user<\/h2><p class=\"icon-box-description\">Unsere Ferienh\u00e4user sind mit allem ausgestattet, was du f\u00fcr einen komfortablen und angenehmen Aufenthalt ben\u00f6tigst. Zudem ist ihre Lage ideal: im Zentrum von Vinar\u00f2s, in der N\u00e4he des Strandes oder sogar beides gleichzeitig. Genie\u00dfe den Komfort und die N\u00e4he, die deinen Aufenthalt in Vinar\u00f2s unvergesslich machen werden.<\/p>\n            <\/div>\n            \n            <\/div><\/div>\t\t\t\t<\/div>\n\t\t\t\t<\/div>\n\t\t\t\t<div class=\"elementor-element elementor-element-40b2d82b jkit-equal-height-disable elementor-widget elementor-widget-jkit_icon_box\" data-id=\"40b2d82b\" data-element_type=\"widget\" data-e-type=\"widget\" data-widget_type=\"jkit_icon_box.default\">\n\t\t\t\t<div class=\"elementor-widget-container\">\n\t\t\t\t\t<div  class=\"jeg-elementor-kit jkit-icon-box icon-position-left elementor-animation- jeg_module__5_69e4b6da7b0f3\" ><div class=\"jkit-icon-box-wrapper hover-from-left\"><div class=\"icon-box icon-box-header elementor-animation-\"><div class=\"icon style-color\"><i aria-hidden=\"true\" class=\"fas fa-circle\"><\/i><\/div><\/div><div class=\"icon-box icon-box-body\">\n                <h2 class=\"title\">Wir sind jederzeit erreichbar<\/h2><p class=\"icon-box-description\">Wir k\u00fcmmern uns um unsere G\u00e4ste von der ersten Kontaktaufnahme an. Wir nehmen deinen Aufenthalt sehr ernst, also z\u00f6gere nicht, uns zu fragen, was du ben\u00f6tigst.<\/p>\n            <\/div>\n            \n            <\/div><\/div>\t\t\t\t<\/div>\n\t\t\t\t<\/div>\n\t\t\t\t<div class=\"elementor-element elementor-element-4f76d8f3 jkit-equal-height-disable elementor-widget elementor-widget-jkit_icon_box\" data-id=\"4f76d8f3\" data-element_type=\"widget\" data-e-type=\"widget\" data-widget_type=\"jkit_icon_box.default\">\n\t\t\t\t<div class=\"elementor-widget-container\">\n\t\t\t\t\t<div  class=\"jeg-elementor-kit jkit-icon-box icon-position-left elementor-animation- jeg_module__6_69e4b6da7bbb1\" ><div class=\"jkit-icon-box-wrapper hover-from-left\"><div class=\"icon-box icon-box-header elementor-animation-\"><div class=\"icon style-color\"><i aria-hidden=\"true\" class=\"fas fa-circle\"><\/i><\/div><\/div><div class=\"icon-box icon-box-body\">\n                <h2 class=\"title\">Erschwingliche Preise<\/h2><p class=\"icon-box-description\">Wir passen unsere Preise so weit wie m\u00f6glich an, um dir das beste Preis-Leistungs-Verh\u00e4ltnis zu bieten. Au\u00dferdem kannst du von speziellen Angeboten profitieren, wenn du mehrere Wochen buchst, und so deinen Urlaub noch erschwinglicher gestalten.<\/p>\n            <\/div>\n            \n            <\/div><\/div>\t\t\t\t<\/div>\n\t\t\t\t<\/div>\n\t\t\t\t<div class=\"elementor-element elementor-element-202ae78b jkit-equal-height-disable elementor-widget elementor-widget-jkit_icon_box\" data-id=\"202ae78b\" data-element_type=\"widget\" data-e-type=\"widget\" data-widget_type=\"jkit_icon_box.default\">\n\t\t\t\t<div class=\"elementor-widget-container\">\n\t\t\t\t\t<div  class=\"jeg-elementor-kit jkit-icon-box icon-position-left elementor-animation- jeg_module__7_69e4b6da7c65e\" ><div class=\"jkit-icon-box-wrapper hover-from-left\"><div class=\"icon-box icon-box-header elementor-animation-\"><div class=\"icon style-color\"><i aria-hidden=\"true\" class=\"fas fa-circle\"><\/i><\/div><\/div><div class=\"icon-box icon-box-body\">\n                <h2 class=\"title\">Wir m\u00f6chten, dass du wiederkommst.<\/h2><p class=\"icon-box-description\">W\u00e4hrend deines Aufenthalts stehen wir dir jederzeit zur Verf\u00fcgung, um alle Fragen oder Probleme zu kl\u00e4ren und sicherzustellen, dass du eine zufriedenstellende Erfahrung hast. Und wenn du dich entscheidest, wiederzukommen, bieten wir dir einen speziellen Preis als Dankesch\u00f6n f\u00fcr dein erneutes Vertrauen in uns.<\/p>\n            <\/div>\n            \n            <\/div><\/div>\t\t\t\t<\/div>\n\t\t\t\t<\/div>\n\t\t\t\t\t<\/div>\n\t\t\t\t<\/div>\n\t\t\t\t\t<\/div>\n\t\t\t\t<\/div>\n\t\t\t\t\t<\/div>\n\t\t\t\t<\/div>\n\t\t<div class=\"elementor-element elementor-element-169013aa e-con-full e-flex e-con e-parent\" data-id=\"169013aa\" data-element_type=\"container\" data-e-type=\"container\" data-settings=\"{&quot;background_background&quot;:&quot;classic&quot;}\">\n\t\t<div class=\"elementor-element elementor-element-18bfeca5 e-con-full e-flex e-con e-child\" data-id=\"18bfeca5\" data-element_type=\"container\" data-e-type=\"container\">\n\t\t<div class=\"elementor-element elementor-element-6109b54d e-con-full e-flex e-con e-child\" data-id=\"6109b54d\" data-element_type=\"container\" data-e-type=\"container\">\n\t\t\t\t<div class=\"elementor-element elementor-element-d05df97 elementor-widget elementor-widget-jkit_heading\" data-id=\"d05df97\" data-element_type=\"widget\" data-e-type=\"widget\" data-widget_type=\"jkit_heading.default\">\n\t\t\t\t<div class=\"elementor-widget-container\">\n\t\t\t\t\t<div  class=\"jeg-elementor-kit jkit-heading  align-left align-tablet- align-mobile- jeg_module__8_69e4b6da7cfbc\" ><div class=\"heading-section-title  display-inline-block\"><h1 class=\"heading-title\">Harmonisiere in einem<span class=\"style-color\"><span>unserer H\u00e4user<\/span><\/span><\/h1><\/div><\/div>\t\t\t\t<\/div>\n\t\t\t\t<\/div>\n\t\t\t\t<\/div>\n\t\t<div class=\"elementor-element elementor-element-1eb45904 e-flex e-con-boxed e-con e-child\" data-id=\"1eb45904\" data-element_type=\"container\" data-e-type=\"container\">\n\t\t\t\t\t<div class=\"e-con-inner\">\n\t\t\t\t<div class=\"elementor-element elementor-element-399866d7 e-transform elementor-widget elementor-widget-jkit_button\" data-id=\"399866d7\" data-element_type=\"widget\" data-e-type=\"widget\" data-settings=\"{&quot;_transform_scale_effect_hover&quot;:{&quot;unit&quot;:&quot;px&quot;,&quot;size&quot;:&quot;0.9&quot;,&quot;sizes&quot;:[]},&quot;_transform_scale_effect_hover_tablet&quot;:{&quot;unit&quot;:&quot;px&quot;,&quot;size&quot;:&quot;&quot;,&quot;sizes&quot;:[]},&quot;_transform_scale_effect_hover_mobile&quot;:{&quot;unit&quot;:&quot;px&quot;,&quot;size&quot;:&quot;&quot;,&quot;sizes&quot;:[]}}\" data-widget_type=\"jkit_button.default\">\n\t\t\t\t<div class=\"elementor-widget-container\">\n\t\t\t\t\t<div  class=\"jeg-elementor-kit jkit-button  icon-position-before jeg_module__9_69e4b6da7e72a\" ><a href=\"https:\/\/locationvinaros.es\/de\/\" class=\"jkit-button-wrapper\">W\u00e4hle dein Haus<\/a><\/div>\t\t\t\t<\/div>\n\t\t\t\t<\/div>\n\t\t\t\t\t<\/div>\n\t\t\t\t<\/div>\n\t\t\t\t<\/div>\n\t\t\t\t<\/div>\n\t\t\t\t<\/div>\n\t\t","protected":false},"excerpt":{"rendered":"<p>\u00dcber uns Home Wer wir sind \u00dcber uns Das Ferienhaus, das du suchst.In Vinar\u00f2s, gut gelegen und zu einem fairen Preis. Wir sind eine Familie aus Vinar\u00f2s mit tiefen Wurzeln in dieser geliebten und gepflegten Region. Als Tierliebhaber und leidenschaftliche Verfechter des Umweltschutzes teilen wir gerne den Charme und die Ruhe unserer H\u00e4user mit anderen. [&hellip;]<\/p>\n","protected":false},"author":1,"featured_media":0,"parent":0,"menu_order":0,"comment_status":"closed","ping_status":"closed","template":"elementor_header_footer","meta":{"footnotes":""},"class_list":["post-1837","page","type-page","status-publish","hentry"],"_links":{"self":[{"href":"https:\/\/locationvinaros.es\/de\/wp-json\/wp\/v2\/pages\/1837","targetHints":{"allow":["GET"]}}],"collection":[{"href":"https:\/\/locationvinaros.es\/de\/wp-json\/wp\/v2\/pages"}],"about":[{"href":"https:\/\/locationvinaros.es\/de\/wp-json\/wp\/v2\/types\/page"}],"author":[{"embeddable":true,"href":"https:\/\/locationvinaros.es\/de\/wp-json\/wp\/v2\/users\/1"}],"replies":[{"embeddable":true,"href":"https:\/\/locationvinaros.es\/de\/wp-json\/wp\/v2\/comments?post=1837"}],"version-history":[{"count":19,"href":"https:\/\/locationvinaros.es\/de\/wp-json\/wp\/v2\/pages\/1837\/revisions"}],"predecessor-version":[{"id":5120,"href":"https:\/\/locationvinaros.es\/de\/wp-json\/wp\/v2\/pages\/1837\/revisions\/5120"}],"wp:attachment":[{"href":"https:\/\/locationvinaros.es\/de\/wp-json\/wp\/v2\/media?parent=1837"}],"curies":[{"name":"wp","href":"https:\/\/api.w.org\/{rel}","templated":true}]}}